{"id":548,"date":"2023-03-27T15:39:26","date_gmt":"2023-03-27T15:39:26","guid":{"rendered":"http:\/\/hotelpalmeral.com\/?page_id=548"},"modified":"2025-12-17T11:51:34","modified_gmt":"2025-12-17T11:51:34","slug":"politica-de-privacidad","status":"publish","type":"page","link":"https:\/\/hotelpalmeral.com\/fr\/politica-de-privacidad\/","title":{"rendered":"Politique de confidentialit\u00e9"},"content":{"rendered":"<p><div class=\"et_d4_element et_pb_section et_pb_section_0 altura_presentacion_sin_menu et_pb_with_background  et_pb_css_mix_blend_mode et_section_regular et_block_section\" >\n\t\t\t\t\n\t\t\t\t\n\t\t\t\t\n\t\t\t\t\n\t\t\t\t\n\t\t\t\t\n\t\t\t\t<div class=\"et_d4_element et_pb_row et_pb_row_0  et_pb_css_mix_blend_mode et_block_row\">\n\t\t\t\t<div class=\"et_d4_element et_pb_column_4_4 et_pb_column et_pb_column_0  et_pb_css_mix_blend_mode et-last-child et_block_column\">\n\t\t\t\t\n\t\t\t\t\n\t\t\t\t\n\t\t\t\t\n\t\t\t\t<div class=\"et_pb_with_border et_pb_module et_d4_element et_pb_divider_0 et_pb_space et_pb_divider_hidden\"><div class=\"et_pb_divider_internal\"><\/div><\/div><div class=\"et_pb_module et_d4_element et_pb_text et_pb_text_0  et_pb_text_align_left et_pb_bg_layout_light\">\n\t\t\t\t\n\t\t\t\t\n\t\t\t\t\n\t\t\t\t\n\t\t\t\t<div class=\"et_pb_text_inner\"><h1>VACANCES DE<\/h1>\n<h1>R\u00caVE \u00c0<\/h1>\n<h1>HOTEL PALMERAL<\/h1><\/div>\n\t\t\t<\/div><div class=\"et_pb_with_border et_pb_module et_d4_element et_pb_divider_1 et_pb_space et_pb_divider_hidden\"><div class=\"et_pb_divider_internal\"><\/div><\/div>\n\t\t\t<\/div>\n\t\t\t\t\n\t\t\t\t\n\t\t\t\t\n\t\t\t\t\n\t\t\t<\/div>\n\t\t\t\t\n\t\t\t\t\n\t\t\t<\/div><div class=\"et_d4_element et_pb_section et_pb_section_1  et_pb_css_mix_blend_mode et_section_regular et_block_section\" >\n\t\t\t\t\n\t\t\t\t\n\t\t\t\t\n\t\t\t\t\n\t\t\t\t\n\t\t\t\t\n\t\t\t\t<div class=\"et_d4_element et_pb_row et_pb_row_1 et_pb_equal_columns et_pb_gutters2  et_pb_css_mix_blend_mode et_block_row\">\n\t\t\t\t<div class=\"et_d4_element et_pb_column_4_4 et_pb_column et_pb_column_1  et_pb_css_mix_blend_mode et-last-child et_block_column\">\n\t\t\t\t\n\t\t\t\t\n\t\t\t\t\n\t\t\t\t\n\t\t\t\t<div class=\"et_pb_module et_d4_element et_pb_text et_pb_text_1 peso_bold_500  et_pb_text_align_left et_pb_bg_layout_light\">\n\t\t\t\t\n\t\t\t\t\n\t\t\t\t\n\t\t\t\t\n\t\t\t\t<div class=\"et_pb_text_inner\"><header class=\"text-center\">\n<header class=\"text-center\">\n<h2 class=\"m-auto\">POL\u00cdTICA DE PRIVACIDAD<\/h2>\n<h4><span class=\"blanc-space ng-binding\">https:\/\/www.hotelpalmeral.com\/<\/span><\/h4>\n<\/header>\n<div>\n<p>En cumplimiento de la normativa vigente en materia de Protecci\u00f3n de Datos personales, le informamos que los datos personales facilitados por los usuario de esta Web en sus distintos formularios ser\u00e1n incorporados y tratados en uno o m\u00e1s ficheros titularidad de ANTONIA AGUILAR MASANET con la finalidad de gestionar su solicitud, as\u00ed como para mantenerle informado, incluso por v\u00eda electr\u00f3nica, de futuras noticias y novedades relacionadas con nuestra empresa.<\/p>\n<p>Antonia Aguilar Masanet, tratar\u00e1 los datos en todo momento de forma absolutamente confidencial y guardando el preceptivo deber de secreto respecto de los mismos, de conformidad con lo previsto en la normativa de aplicaci\u00f3n, adoptando al efecto las medidas de \u00edndole t\u00e9cnica y organizativas necesarias que garanticen la seguridad de sus datos y eviten su alteraci\u00f3n, p\u00e9rdida, tratamiento o acceso no autorizado, habida cuenta del estado de la tecnolog\u00eda, la naturaleza de los datos almacenados y los riesgos a que est\u00e1n expuestos.<\/p>\n<p>Antonia Aguilar Masanet informa que la p\u00e1gina web (www.hotelpalmeral.com) tiene como objeto facilitar al p\u00fablico en general el conocimiento de nuestras actividades, servicios y en su caso la adquisici\u00f3n de nuestros bienes o servicios.<\/p>\n<p>Antonia Aguilar Masanet No se responsabiliza de los posibles errores de seguridad o posibles da\u00f1os que se puedan producir en los equipos o ficheros del usuario cuando correspondan al alojamiento de un virus en el equipo del usuario, mal funcionamiento del navegador o versiones no actualizadas del mismo, as\u00ed como de todos los da\u00f1os o fallos de seguridad que expresamente la legislaci\u00f3n no atribuya al titular de la web<\/p>\n<p>Los datos que se solicitan en los distintos formularios marcados con asterisco (*) son los estrictamente necesarios para poder proporcionarle el servicio solicitado o poder contactar con el usuario.<\/p>\n<p>En el caso de no introducir los datos de car\u00e1cter personal que aparecen en el formulario de inscripci\u00f3n como obligatorios traer\u00e1 como consecuencia que no podamos atender tu solicitud.<\/p>\n<p>La solicitud de sus datos de car\u00e1cter personal tiene como finalidad comercial y anal\u00edtica, prestar los servicios de comercio electr\u00f3nico, y transmitirte publicidad de otros productos y servicios, avisos y ofertas y, en general, informaci\u00f3n de car\u00e1cter comercial de inter\u00e9s del Hotel El Palmeral El usuario garantiza la veracidad de los datos personales proporcionados, siendo el \u00fanico responsable de cualquier da\u00f1o o perjuicio, directo o indirecto, que pudiera ocasionar a ANTONIA AGUILAR MASANET a causa de la cumplimentaci\u00f3n de los formularios con datos falsos, inexactos o incompletos.<\/p>\n<p>En caso de que el usuario incluya datos personales de terceras personas deber\u00e1, con car\u00e1cter previo a su inclusi\u00f3n, informarles de lo establecido en la presente pol\u00edtica de privacidad, siendo el \u00fanico responsable de su inclusi\u00f3n.<\/p>\n<p>Los datos se podr\u00e1n ceder a terceros (p.ej: autoridades judiciales, fiscales, administrativas o regulatorias). Tambi\u00e9n podr\u00e1 comunicar datos a empresas prestadoras de servicios, que utilizar\u00e1n estos datos en nombre y por cuenta de Hotel El Palmeral exclusivamente para la prestaci\u00f3n del servicio para el que hayan sido contratadas, sin que se les pueda dar un uso diferente ( por ejemplo: gestor\u00eda , asesor\u00eda legal o inform\u00e1tica).<\/p>\n<p>Los usuarios pueden ejercitar los derechos de acceso, rectificaci\u00f3n, cancelaci\u00f3n, limitaci\u00f3n del tratamiento, oposici\u00f3n y portabilidad reconocidos en la actual legislaci\u00f3n mediante comunicaci\u00f3n escrita al responsable del tratamiento que se cita abajo, o a la direcci\u00f3n de correo electr\u00f3nico: info@hotelpalmeral.com o mediante el formulario de ejercicio de derechos proporcionado en la direcci\u00f3n antes indicada. La aceptaci\u00f3n de los t\u00e9rminos expuestos en esta pol\u00edtica de privacidad en necesaria para el env\u00edo y transmisi\u00f3n de la solicitud realizada. Responsable del Tratamiento: ANTONIA AGUILAR MASANET ALTEA,2. HOTEL EL PALMERAL 03502. BENIDORM. ALICANTE. ESPA\u00d1A<\/p>\n<\/div>\n<\/header><\/div>\n\t\t\t<\/div>\n\t\t\t<\/div>\n\t\t\t\t\n\t\t\t\t\n\t\t\t\t\n\t\t\t\t\n\t\t\t<\/div>\n\t\t\t\t\n\t\t\t\t\n\t\t\t<\/div><\/p>","protected":false},"excerpt":{"rendered":"","protected":false},"author":1,"featured_media":0,"parent":0,"menu_order":12,"comment_status":"closed","ping_status":"closed","template":"","meta":{"inline_featured_image":false,"_et_pb_use_builder":"on","_et_pb_old_content":"<!-- wp:divi\/placeholder \/-->","_et_gb_content_width":"","footnotes":""},"class_list":["post-548","page","type-page","status-publish","hentry"],"yoast_head":"<!-- This site is optimized with the Yoast SEO plugin v27.4 - https:\/\/yoast.com\/product\/yoast-seo-wordpress\/ -->\r\n<title>Pol\u00edtica de Privacidad - Hotel El Palmeral<\/title>\r\n<meta name=\"robots\" content=\"index, follow, max-snippet:-1, max-image-preview:large, max-video-preview:-1\" \/>\r\n<link rel=\"canonical\" href=\"https:\/\/hotelpalmeral.com\/fr\/politica-de-privacidad\/\" \/>\r\n<meta property=\"og:locale\" content=\"fr_FR\" \/>\r\n<meta property=\"og:type\" content=\"article\" \/>\r\n<meta property=\"og:title\" content=\"Pol\u00edtica de Privacidad - Hotel El Palmeral\" \/>\r\n<meta property=\"og:url\" content=\"https:\/\/hotelpalmeral.com\/fr\/politica-de-privacidad\/\" \/>\r\n<meta property=\"og:site_name\" content=\"Hotel El Palmeral\" \/>\r\n<meta property=\"article:publisher\" content=\"https:\/\/www.facebook.com\/HotelPalmeralBenidorm\" \/>\r\n<meta property=\"article:modified_time\" content=\"2025-12-17T11:51:34+00:00\" \/>\r\n<meta name=\"twitter:card\" content=\"summary_large_image\" \/>\r\n<meta name=\"twitter:site\" content=\"@hotelelpalmeral\" \/>\r\n<script type=\"application\/ld+json\" class=\"yoast-schema-graph\">{\"@context\":\"https:\\\/\\\/schema.org\",\"@graph\":[{\"@type\":\"WebPage\",\"@id\":\"https:\\\/\\\/hotelpalmeral.com\\\/politica-de-privacidad\\\/\",\"url\":\"https:\\\/\\\/hotelpalmeral.com\\\/politica-de-privacidad\\\/\",\"name\":\"Pol\u00edtica de Privacidad - Hotel El Palmeral\",\"isPartOf\":{\"@id\":\"https:\\\/\\\/hotelpalmeral.com\\\/#website\"},\"datePublished\":\"2023-03-27T15:39:26+00:00\",\"dateModified\":\"2025-12-17T11:51:34+00:00\",\"breadcrumb\":{\"@id\":\"https:\\\/\\\/hotelpalmeral.com\\\/politica-de-privacidad\\\/#breadcrumb\"},\"inLanguage\":\"fr-FR\",\"potentialAction\":[{\"@type\":\"ReadAction\",\"target\":[\"https:\\\/\\\/hotelpalmeral.com\\\/politica-de-privacidad\\\/\"]}]},{\"@type\":\"BreadcrumbList\",\"@id\":\"https:\\\/\\\/hotelpalmeral.com\\\/politica-de-privacidad\\\/#breadcrumb\",\"itemListElement\":[{\"@type\":\"ListItem\",\"position\":1,\"name\":\"Portada\",\"item\":\"https:\\\/\\\/hotelpalmeral.com\\\/\"},{\"@type\":\"ListItem\",\"position\":2,\"name\":\"Pol\u00edtica de Privacidad\"}]},{\"@type\":\"WebSite\",\"@id\":\"https:\\\/\\\/hotelpalmeral.com\\\/#website\",\"url\":\"https:\\\/\\\/hotelpalmeral.com\\\/\",\"name\":\"Hotel El Palmeral\",\"description\":\"Hotel en Benidorm\",\"publisher\":{\"@id\":\"https:\\\/\\\/hotelpalmeral.com\\\/#organization\"},\"potentialAction\":[{\"@type\":\"SearchAction\",\"target\":{\"@type\":\"EntryPoint\",\"urlTemplate\":\"https:\\\/\\\/hotelpalmeral.com\\\/?s={search_term_string}\"},\"query-input\":{\"@type\":\"PropertyValueSpecification\",\"valueRequired\":true,\"valueName\":\"search_term_string\"}}],\"inLanguage\":\"fr-FR\"},{\"@type\":\"Organization\",\"@id\":\"https:\\\/\\\/hotelpalmeral.com\\\/#organization\",\"name\":\"Hotel El Palmeral\",\"url\":\"https:\\\/\\\/hotelpalmeral.com\\\/\",\"logo\":{\"@type\":\"ImageObject\",\"inLanguage\":\"fr-FR\",\"@id\":\"https:\\\/\\\/hotelpalmeral.com\\\/#\\\/schema\\\/logo\\\/image\\\/\",\"url\":\"https:\\\/\\\/hotelpalmeral.com\\\/wp-content\\\/uploads\\\/2023\\\/03\\\/Logo-footer.png\",\"contentUrl\":\"https:\\\/\\\/hotelpalmeral.com\\\/wp-content\\\/uploads\\\/2023\\\/03\\\/Logo-footer.png\",\"width\":229,\"height\":265,\"caption\":\"Hotel El Palmeral\"},\"image\":{\"@id\":\"https:\\\/\\\/hotelpalmeral.com\\\/#\\\/schema\\\/logo\\\/image\\\/\"},\"sameAs\":[\"https:\\\/\\\/www.facebook.com\\\/HotelPalmeralBenidorm\",\"https:\\\/\\\/x.com\\\/hotelelpalmeral\",\"https:\\\/\\\/www.instagram.com\\\/hotelpalmeralbenidorm\\\/\"]}]}<\/script>\r\n<!-- \/ Yoast SEO plugin. -->","yoast_head_json":{"title":"Pol\u00edtica de Privacidad - Hotel El Palmeral","robots":{"index":"index","follow":"follow","max-snippet":"max-snippet:-1","max-image-preview":"max-image-preview:large","max-video-preview":"max-video-preview:-1"},"canonical":"https:\/\/hotelpalmeral.com\/fr\/politica-de-privacidad\/","og_locale":"fr_FR","og_type":"article","og_title":"Pol\u00edtica de Privacidad - Hotel El Palmeral","og_url":"https:\/\/hotelpalmeral.com\/fr\/politica-de-privacidad\/","og_site_name":"Hotel El Palmeral","article_publisher":"https:\/\/www.facebook.com\/HotelPalmeralBenidorm","article_modified_time":"2025-12-17T11:51:34+00:00","twitter_card":"summary_large_image","twitter_site":"@hotelelpalmeral","schema":{"@context":"https:\/\/schema.org","@graph":[{"@type":"WebPage","@id":"https:\/\/hotelpalmeral.com\/politica-de-privacidad\/","url":"https:\/\/hotelpalmeral.com\/politica-de-privacidad\/","name":"Pol\u00edtica de Privacidad - Hotel El Palmeral","isPartOf":{"@id":"https:\/\/hotelpalmeral.com\/#website"},"datePublished":"2023-03-27T15:39:26+00:00","dateModified":"2025-12-17T11:51:34+00:00","breadcrumb":{"@id":"https:\/\/hotelpalmeral.com\/politica-de-privacidad\/#breadcrumb"},"inLanguage":"fr-FR","potentialAction":[{"@type":"ReadAction","target":["https:\/\/hotelpalmeral.com\/politica-de-privacidad\/"]}]},{"@type":"BreadcrumbList","@id":"https:\/\/hotelpalmeral.com\/politica-de-privacidad\/#breadcrumb","itemListElement":[{"@type":"ListItem","position":1,"name":"Portada","item":"https:\/\/hotelpalmeral.com\/"},{"@type":"ListItem","position":2,"name":"Pol\u00edtica de Privacidad"}]},{"@type":"WebSite","@id":"https:\/\/hotelpalmeral.com\/#website","url":"https:\/\/hotelpalmeral.com\/","name":"Hotel El Palmeral","description":"Hotel en Benidorm","publisher":{"@id":"https:\/\/hotelpalmeral.com\/#organization"},"potentialAction":[{"@type":"SearchAction","target":{"@type":"EntryPoint","urlTemplate":"https:\/\/hotelpalmeral.com\/?s={search_term_string}"},"query-input":{"@type":"PropertyValueSpecification","valueRequired":true,"valueName":"search_term_string"}}],"inLanguage":"fr-FR"},{"@type":"Organization","@id":"https:\/\/hotelpalmeral.com\/#organization","name":"Hotel El Palmeral","url":"https:\/\/hotelpalmeral.com\/","logo":{"@type":"ImageObject","inLanguage":"fr-FR","@id":"https:\/\/hotelpalmeral.com\/#\/schema\/logo\/image\/","url":"https:\/\/hotelpalmeral.com\/wp-content\/uploads\/2023\/03\/Logo-footer.png","contentUrl":"https:\/\/hotelpalmeral.com\/wp-content\/uploads\/2023\/03\/Logo-footer.png","width":229,"height":265,"caption":"Hotel El Palmeral"},"image":{"@id":"https:\/\/hotelpalmeral.com\/#\/schema\/logo\/image\/"},"sameAs":["https:\/\/www.facebook.com\/HotelPalmeralBenidorm","https:\/\/x.com\/hotelelpalmeral","https:\/\/www.instagram.com\/hotelpalmeralbenidorm\/"]}]}},"_links":{"self":[{"href":"https:\/\/hotelpalmeral.com\/fr\/wp-json\/wp\/v2\/pages\/548","targetHints":{"allow":["GET"]}}],"collection":[{"href":"https:\/\/hotelpalmeral.com\/fr\/wp-json\/wp\/v2\/pages"}],"about":[{"href":"https:\/\/hotelpalmeral.com\/fr\/wp-json\/wp\/v2\/types\/page"}],"author":[{"embeddable":true,"href":"https:\/\/hotelpalmeral.com\/fr\/wp-json\/wp\/v2\/users\/1"}],"replies":[{"embeddable":true,"href":"https:\/\/hotelpalmeral.com\/fr\/wp-json\/wp\/v2\/comments?post=548"}],"version-history":[{"count":7,"href":"https:\/\/hotelpalmeral.com\/fr\/wp-json\/wp\/v2\/pages\/548\/revisions"}],"predecessor-version":[{"id":2635,"href":"https:\/\/hotelpalmeral.com\/fr\/wp-json\/wp\/v2\/pages\/548\/revisions\/2635"}],"wp:attachment":[{"href":"https:\/\/hotelpalmeral.com\/fr\/wp-json\/wp\/v2\/media?parent=548"}],"curies":[{"name":"wp","href":"https:\/\/api.w.org\/{rel}","templated":true}]}}