{"id":186,"date":"2023-03-07T08:42:39","date_gmt":"2023-03-07T08:42:39","guid":{"rendered":"http:\/\/hotelpalmeral.com\/?page_id=186"},"modified":"2023-10-06T09:03:02","modified_gmt":"2023-10-06T09:03:02","slug":"blog","status":"publish","type":"page","link":"https:\/\/hotelpalmeral.com\/fr\/blog\/","title":{"rendered":"Blog"},"content":{"rendered":"<p><div class=\"et_d4_element et_pb_section et_pb_section_0 altura_presentacion_sin_menu et_pb_with_background  et_pb_css_mix_blend_mode et_section_regular et_block_section\" >\n\t\t\t\t\n\t\t\t\t\n\t\t\t\t\n\t\t\t\t\n\t\t\t\t\n\t\t\t\t\n\t\t\t\t\n\t\t\t\t\n\t\t\t\t\n\t\t\t<\/div><div class=\"et_d4_element et_pb_section et_pb_section_1  et_pb_css_mix_blend_mode et_section_regular et_block_section\" >\n\t\t\t\t\n\t\t\t\t\n\t\t\t\t\n\t\t\t\t\n\t\t\t\t\n\t\t\t\t\n\t\t\t\t<div class=\"et_d4_element et_pb_row et_pb_row_0 et_pb_gutters1  et_pb_css_mix_blend_mode et_block_row\">\n\t\t\t\t<div class=\"et_d4_element et_pb_column_1_2 et_pb_column et_pb_column_0  et_pb_css_mix_blend_mode et_block_column\">\n\t\t\t\t\n\t\t\t\t\n\t\t\t\t\n\t\t\t\t\n\t\t\t\t<div class=\"et_pb_module et_d4_element et_pb_image et_pb_image_0\">\n\t\t\t\t\n\t\t\t\t\n\t\t\t\t\n\t\t\t\t\n\t\t\t\t<span class=\"et_pb_image_wrap \"><img loading=\"lazy\" decoding=\"async\" width=\"157\" height=\"131\" src=\"https:\/\/hotelpalmeral.com\/wp-content\/uploads\/2023\/03\/01.png\" alt=\"01\" title=\"01\" class=\"wp-image-252\" \/><\/span>\n\t\t\t<\/div><div class=\"et_pb_module et_d4_element et_pb_text et_pb_text_0  et_pb_text_align_left et_pb_bg_layout_light\">\n\t\t\t\t\n\t\t\t\t\n\t\t\t\t\n\t\t\t\t\n\t\t\t\t<div class=\"et_pb_text_inner\"><p>descripci\u00f3n<\/p><\/div>\n\t\t\t<\/div>\n\t\t\t<\/div><div class=\"et_pb_with_border et_pb_column_1_2 et_d4_element et_pb_column et_pb_column_1  et_pb_css_mix_blend_mode et-last-child et_block_column\">\n\t\t\t\t\n\t\t\t\t\n\t\t\t\t\n\t\t\t\t\n\t\t\t\t<div class=\"et_pb_module et_d4_element et_pb_text et_pb_text_1 peso_bold_500  et_pb_text_align_left et_pb_bg_layout_light\">\n\t\t\t\t\n\t\t\t\t\n\t\t\t\t\n\t\t\t\t\n\t\t\t\t<div class=\"et_pb_text_inner\"><h1>DESCUBRE LAS<br \/>\nENTRADAS DE<br \/>\n<strong>NUESTRO BLOG<\/strong><\/h1><\/div>\n\t\t\t<\/div>\n\t\t\t<\/div>\n\t\t\t\t\n\t\t\t\t\n\t\t\t\t\n\t\t\t\t\n\t\t\t<\/div><div class=\"et_d4_element et_pb_row et_pb_row_1  et_pb_css_mix_blend_mode et_block_row\">\n\t\t\t\t<div class=\"et_d4_element et_pb_column_4_4 et_pb_column et_pb_column_2  et_pb_css_mix_blend_mode et-last-child et_block_column\">\n\t\t\t\t\n\t\t\t\t\n\t\t\t\t\n\t\t\t\t\n\t\t\t\t<div class=\"et_pb_module et_d4_element et_pb_blog_0  et_pb_css_mix_blend_mode et_pb_posts et_pb_bg_layout_light \">\n\t\t\t\t\n\t\t\t\t\n\t\t\t\t\n\t\t\t\t\n\t\t\t\t<div class=\"et_pb_ajax_pagination_container\">\n\t\t\t\t\t\n\t\t\t<article id=\"post-1997\" class=\"et_pb_post clearfix et_pb_no_thumb et_pb_blog_item_0_0 post-1997 post type-post status-publish format-standard hentry category-actividades-con-ninos-en-benidorm category-espectaculos-en-benidorm category-informacion-practica-de-benidorm\">\n\n\t\t\t\t\n\t\t\t\t\t\t\t\t\t\t\t\t\t\t<h2 class=\"entry-title\">\n\t\t\t\t\t\t\t\t\t\t\t\t\t<a href=\"https:\/\/hotelpalmeral.com\/fr\/1436-2\/\">Fechas de cierre 2020 de los parques tem\u00e1ticos de Benidorm<\/a>\n\t\t\t\t\t\t\t\t\t\t\t<\/h2>\n\t\t\t\t\n\t\t\t\t\t<p class=\"post-meta\"><span class=\"published\">24 - 10 - 2020<\/span><\/p><div class=\"post-content\"><div class=\"post-content-inner\"><p>El a\u00f1o 2020 ha sido un a\u00f1o \u201cdiferente\u201d para todos, incluso la actividad de los parques tem\u00e1ticos de Benidorm, se ha visto afectada llegando en algunos casos en la situaci\u00f3n de tener que cerrar sus puertas antes de tiempo. Vamos a informaros sobre la situaci\u00f3n actual...<\/p>\n<\/div><a href=\"https:\/\/hotelpalmeral.com\/fr\/1436-2\/\" class=\"more-link\">lire plus<\/a><\/div>\t\t\t\n\t\t\t<\/article>\n\t\t\t\t\n\t\t\t<article id=\"post-1996\" class=\"et_pb_post clearfix et_pb_no_thumb et_pb_blog_item_0_1 post-1996 post type-post status-publish format-standard hentry category-sin-categoria\">\n\n\t\t\t\t\n\t\t\t\t\t\t\t\t\t\t\t\t\t\t<h2 class=\"entry-title\">\n\t\t\t\t\t\t\t\t\t\t\t\t\t<a href=\"https:\/\/hotelpalmeral.com\/fr\/fin-de-temporada-y-cierre-del-hotel-2-020\/\">Fin de temporada y cierre del hotel 2.020<\/a>\n\t\t\t\t\t\t\t\t\t\t\t<\/h2>\n\t\t\t\t\n\t\t\t\t\t<p class=\"post-meta\"><span class=\"published\">16 - 10 - 2020<\/span><\/p><div class=\"post-content\"><div class=\"post-content-inner\"><p>C\u00f3mo ya todos sabr\u00e9is por las noticias que salen en televisi\u00f3n hablando del turismo, este no ha sido un a\u00f1o f\u00e1cil para Benidorm. La pandemia, las restricciones para viajar, las cuarentenas\u2026 Todo esto nos lo ha puesto muy complicado a todos. El Hotel El Palmeral ha...<\/p>\n<\/div><a href=\"https:\/\/hotelpalmeral.com\/fr\/fin-de-temporada-y-cierre-del-hotel-2-020\/\" class=\"more-link\">lire plus<\/a><\/div>\t\t\t\n\t\t\t<\/article>\n\t\t\t\t\n\t\t\t<article id=\"post-1995\" class=\"et_pb_post clearfix et_pb_no_thumb et_pb_blog_item_0_2 post-1995 post type-post status-publish format-standard hentry category-sin-categoria\">\n\n\t\t\t\t\n\t\t\t\t\t\t\t\t\t\t\t\t\t\t<h2 class=\"entry-title\">\n\t\t\t\t\t\t\t\t\t\t\t\t\t<a href=\"https:\/\/hotelpalmeral.com\/fr\/nueva-informacion-de-las-playas-de-benidorm\/\">Nueva informaci\u00f3n de las Playas de Benidorm<\/a>\n\t\t\t\t\t\t\t\t\t\t\t<\/h2>\n\t\t\t\t\n\t\t\t\t\t<p class=\"post-meta\"><span class=\"published\">15 - 07 - 2020<\/span><\/p><div class=\"post-content\"><div class=\"post-content-inner\"><p>A pesar de que en el post anterior os cont\u00e1bamos que el sistema de reserva de parcelas en las playas de Benidorm empezar\u00eda a funcionar a partir del 1 de julio, aqu\u00ed estamos a mitad del mes y a\u00fan no se hab\u00eda empezado a usar. Pero ahora va a haber cambios y queremos que...<\/p>\n<\/div><a href=\"https:\/\/hotelpalmeral.com\/fr\/nueva-informacion-de-las-playas-de-benidorm\/\" class=\"more-link\">lire plus<\/a><\/div>\t\t\t\n\t\t\t<\/article>\n\t\t\t\t<div><div class=\"pagination clearfix\">\n\t<div class=\"alignleft\"><a href=\"https:\/\/hotelpalmeral.com\/fr\/wp-json\/wp\/v2\/pages\/186\/page\/2\/?et_blog\" >&laquo; Entr\u00e9es Plus Anciennes<\/a><\/div>\n\t<div class=\"alignright\"><\/div>\n<\/div><\/div><\/div>\n\t\t\t\t<\/div>\n\t\t\t\t \n\t\t\t<\/div>\n\t\t\t\t\n\t\t\t\t\n\t\t\t\t\n\t\t\t\t\n\t\t\t<\/div>\n\t\t\t\t\n\t\t\t\t\n\t\t\t<\/div><div class=\"et_d4_element et_pb_section et_pb_section_2  et_pb_css_mix_blend_mode et_section_regular et_block_section\" >\n\t\t\t\t\n\t\t\t\t\n\t\t\t\t\n\t\t\t\t\n\t\t\t\t\n\t\t\t\t\n\t\t\t\t<div class=\"et_d4_element et_pb_row et_pb_row_2 et_pb_equal_columns et_pb_gutters1  et_pb_css_mix_blend_mode et_block_row\">\n\t\t\t\t<div class=\"et_d4_element et_pb_column_3_4 et_pb_column et_pb_column_3  et_pb_css_mix_blend_mode et_block_column\">\n\t\t\t\t\n\t\t\t\t\n\t\t\t\t\n\t\t\t\t\n\t\t\t\t<div class=\"et_pb_module et_d4_element et_pb_code et_pb_code_0 modulo_motor\">\n\t\t\t\t\n\t\t\t\t\n\t\t\t\t\n\t\t\t\t\n\t\t\t\t<div class=\"et_pb_code_inner\"><div class=\"contenedor_motor\">\n  <img decoding=\"async\" src=\"https:\/\/hotelpalmeral.com\/wp-content\/uploads\/2023\/03\/Logo-detalle-habitaciones.png\">\n  <!--\n  [motorsoftme_mostrar_motor]\n-->\n<\/div>\n\n<style>\n  .contenedor_motor {\n    display: flex;\n    align-items: center;\n    background-color: #F1EFE3;\n    padding: 20px 50px;\n  }\n  \n  @media (max-width: 980px) {\n    .contenedor_motor {\n      flex-direction: column;\n      padding: 30% 0;\n      padding-bottom: 15%;\n    }\n    \n    .contenedor_motor #contenedor_softme {\n      height: 200px !important;\n    }\n    \n    .contenedor_motor #contenedor_softme label {\n      width: 100%;\n    }\n    \n    .contenedor_motor #contenedor_softme .fechas-softme, #contenedor_softme .partedos {\n      height: auto;\n      width: 100%;\n      flex-direction: column;\n    }\n    \n    .contenedor_motor #contenedor_softme .fechas-softme label::after {\n      bottom: auto;\n    }\n    \n    .contenedor_motor .partedos #div-CodigoPromocional {\n      margin-bottom: 5%;\n    }\n    \n    .contenedor_motor .container_fechas .date-picker-wrapper.inline-wrapper {\n      \/* padding-top del contenedor + altura de la imagen *\/\n      top: calc(30% + 146px);\n      width: 100%;\n    }\n  }\n<\/style>\n<\/div>\n\t\t\t<\/div><div class=\"et_pb_module et_d4_element et_pb_text et_pb_text_2 peso_bold_400  et_pb_text_align_left et_pb_text_align_center-tablet et_pb_bg_layout_light\">\n\t\t\t\t\n\t\t\t\t\n\t\t\t\t\n\t\t\t\t\n\t\t\t\t<div class=\"et_pb_text_inner\"><p>RESERVA CON NOSOTROS. <strong>MEJOR PRECIO<\/strong> GARANTIZADO<\/p>\n<\/div>\n\t\t\t<\/div>\n\t\t\t<\/div><div class=\"et_pb_with_border et_pb_column_1_4 et_d4_element et_pb_column et_pb_column_4  et_pb_css_mix_blend_mode et-last-child et_block_column\">\n\t\t\t\t\n\t\t\t\t\n\t\t\t\t\n\t\t\t\t\n\t\t\t\t<div class=\"et_pb_module et_d4_element et_pb_image et_pb_image_1\">\n\t\t\t\t\n\t\t\t\t\n\t\t\t\t\n\t\t\t\t\n\t\t\t\t<span class=\"et_pb_image_wrap \"><img loading=\"lazy\" decoding=\"async\" width=\"164\" height=\"129\" src=\"https:\/\/hotelpalmeral.com\/wp-content\/uploads\/2023\/03\/02.png\" alt=\"02\" title=\"02\" class=\"wp-image-251\" \/><\/span>\n\t\t\t<\/div><div class=\"et_pb_module et_d4_element et_pb_text et_pb_text_3  et_pb_text_align_right et_pb_bg_layout_light\">\n\t\t\t\t\n\t\t\t\t\n\t\t\t\t\n\t\t\t\t\n\t\t\t\t<div class=\"et_pb_text_inner\"><p>reserva<\/p><\/div>\n\t\t\t<\/div>\n\t\t\t<\/div>\n\t\t\t\t\n\t\t\t\t\n\t\t\t\t\n\t\t\t\t\n\t\t\t<\/div>\n\t\t\t\t\n\t\t\t\t\n\t\t\t<\/div><\/p>\n","protected":false},"excerpt":{"rendered":"","protected":false},"author":1,"featured_media":0,"parent":0,"menu_order":7,"comment_status":"closed","ping_status":"closed","template":"","meta":{"inline_featured_image":false,"_et_pb_use_builder":"on","_et_pb_old_content":"","_et_gb_content_width":"","footnotes":""},"class_list":["post-186","page","type-page","status-publish","hentry"],"yoast_head":"<!-- This site is optimized with the Yoast SEO plugin v27.4 - https:\/\/yoast.com\/product\/yoast-seo-wordpress\/ -->\r\n<title>Blog - Hotel El Palmeral<\/title>\r\n<meta name=\"description\" content=\"Descubre las \u00faltimas novedades en el blog del Hotel El Palmeral, y mantente informado de nuestras noticias.\" \/>\r\n<meta name=\"robots\" content=\"index, follow, max-snippet:-1, max-image-preview:large, max-video-preview:-1\" \/>\r\n<link rel=\"canonical\" href=\"https:\/\/hotelpalmeral.com\/fr\/blog\/\" \/>\r\n<meta property=\"og:locale\" content=\"fr_FR\" \/>\r\n<meta property=\"og:type\" content=\"article\" \/>\r\n<meta property=\"og:title\" content=\"Blog\" \/>\r\n<meta property=\"og:description\" content=\"Descubre las \u00faltimas novedades en el blog del Hotel El Palmeral, y mantente informado de nuestras noticias.\" \/>\r\n<meta property=\"og:url\" content=\"https:\/\/hotelpalmeral.com\/fr\/blog\/\" \/>\r\n<meta property=\"og:site_name\" content=\"Hotel El Palmeral\" \/>\r\n<meta property=\"article:publisher\" content=\"https:\/\/www.facebook.com\/HotelPalmeralBenidorm\" \/>\r\n<meta property=\"article:modified_time\" content=\"2023-10-06T09:03:02+00:00\" \/>\r\n<meta property=\"og:image\" content=\"https:\/\/hotelpalmeral.com\/wp-content\/uploads\/2023\/03\/Logo-footer.png\" \/>\r\n\t<meta property=\"og:image:width\" content=\"229\" \/>\r\n\t<meta property=\"og:image:height\" content=\"265\" \/>\r\n\t<meta property=\"og:image:type\" content=\"image\/png\" \/>\r\n<meta name=\"twitter:card\" content=\"summary_large_image\" \/>\r\n<meta name=\"twitter:title\" content=\"Blog\" \/>\r\n<meta name=\"twitter:description\" content=\"Descubre las \u00faltimas novedades en el blog del Hotel El Palmeral, y mantente informado de nuestras noticias.\" \/>\r\n<meta name=\"twitter:image\" content=\"https:\/\/hotelpalmeral.com\/wp-content\/uploads\/2023\/03\/Logo-footer.png\" \/>\r\n<meta name=\"twitter:site\" content=\"@hotelelpalmeral\" \/>\r\n<meta name=\"twitter:label1\" content=\"Dur\u00e9e de lecture estim\u00e9e\" \/>\n\t<meta name=\"twitter:data1\" content=\"2 minutes\" \/>\r\n<script type=\"application\/ld+json\" class=\"yoast-schema-graph\">{\"@context\":\"https:\\\/\\\/schema.org\",\"@graph\":[{\"@type\":\"WebPage\",\"@id\":\"https:\\\/\\\/hotelpalmeral.com\\\/blog\\\/\",\"url\":\"https:\\\/\\\/hotelpalmeral.com\\\/blog\\\/\",\"name\":\"Blog - Hotel El Palmeral\",\"isPartOf\":{\"@id\":\"https:\\\/\\\/hotelpalmeral.com\\\/#website\"},\"primaryImageOfPage\":{\"@id\":\"https:\\\/\\\/hotelpalmeral.com\\\/blog\\\/#primaryimage\"},\"image\":{\"@id\":\"https:\\\/\\\/hotelpalmeral.com\\\/blog\\\/#primaryimage\"},\"thumbnailUrl\":\"https:\\\/\\\/hotelpalmeral.com\\\/wp-content\\\/uploads\\\/2023\\\/03\\\/Logo-detalle-habitaciones.png\",\"datePublished\":\"2023-03-07T08:42:39+00:00\",\"dateModified\":\"2023-10-06T09:03:02+00:00\",\"description\":\"Descubre las \u00faltimas novedades en el blog del Hotel El Palmeral, y mantente informado de nuestras noticias.\",\"breadcrumb\":{\"@id\":\"https:\\\/\\\/hotelpalmeral.com\\\/blog\\\/#breadcrumb\"},\"inLanguage\":\"fr-FR\",\"potentialAction\":[{\"@type\":\"ReadAction\",\"target\":[\"https:\\\/\\\/hotelpalmeral.com\\\/blog\\\/\"]}]},{\"@type\":\"ImageObject\",\"inLanguage\":\"fr-FR\",\"@id\":\"https:\\\/\\\/hotelpalmeral.com\\\/blog\\\/#primaryimage\",\"url\":\"https:\\\/\\\/hotelpalmeral.com\\\/wp-content\\\/uploads\\\/2023\\\/03\\\/Logo-detalle-habitaciones.png\",\"contentUrl\":\"https:\\\/\\\/hotelpalmeral.com\\\/wp-content\\\/uploads\\\/2023\\\/03\\\/Logo-detalle-habitaciones.png\"},{\"@type\":\"BreadcrumbList\",\"@id\":\"https:\\\/\\\/hotelpalmeral.com\\\/blog\\\/#breadcrumb\",\"itemListElement\":[{\"@type\":\"ListItem\",\"position\":1,\"name\":\"Portada\",\"item\":\"https:\\\/\\\/hotelpalmeral.com\\\/\"},{\"@type\":\"ListItem\",\"position\":2,\"name\":\"Blog\"}]},{\"@type\":\"WebSite\",\"@id\":\"https:\\\/\\\/hotelpalmeral.com\\\/#website\",\"url\":\"https:\\\/\\\/hotelpalmeral.com\\\/\",\"name\":\"Hotel El Palmeral\",\"description\":\"Hotel en Benidorm\",\"publisher\":{\"@id\":\"https:\\\/\\\/hotelpalmeral.com\\\/#organization\"},\"potentialAction\":[{\"@type\":\"SearchAction\",\"target\":{\"@type\":\"EntryPoint\",\"urlTemplate\":\"https:\\\/\\\/hotelpalmeral.com\\\/?s={search_term_string}\"},\"query-input\":{\"@type\":\"PropertyValueSpecification\",\"valueRequired\":true,\"valueName\":\"search_term_string\"}}],\"inLanguage\":\"fr-FR\"},{\"@type\":\"Organization\",\"@id\":\"https:\\\/\\\/hotelpalmeral.com\\\/#organization\",\"name\":\"Hotel El Palmeral\",\"url\":\"https:\\\/\\\/hotelpalmeral.com\\\/\",\"logo\":{\"@type\":\"ImageObject\",\"inLanguage\":\"fr-FR\",\"@id\":\"https:\\\/\\\/hotelpalmeral.com\\\/#\\\/schema\\\/logo\\\/image\\\/\",\"url\":\"https:\\\/\\\/hotelpalmeral.com\\\/wp-content\\\/uploads\\\/2023\\\/03\\\/Logo-footer.png\",\"contentUrl\":\"https:\\\/\\\/hotelpalmeral.com\\\/wp-content\\\/uploads\\\/2023\\\/03\\\/Logo-footer.png\",\"width\":229,\"height\":265,\"caption\":\"Hotel El Palmeral\"},\"image\":{\"@id\":\"https:\\\/\\\/hotelpalmeral.com\\\/#\\\/schema\\\/logo\\\/image\\\/\"},\"sameAs\":[\"https:\\\/\\\/www.facebook.com\\\/HotelPalmeralBenidorm\",\"https:\\\/\\\/x.com\\\/hotelelpalmeral\",\"https:\\\/\\\/www.instagram.com\\\/hotelpalmeralbenidorm\\\/\"]}]}<\/script>\r\n<!-- \/ Yoast SEO plugin. -->","yoast_head_json":{"title":"Blog - Hotel El Palmeral","description":"Descubre las \u00faltimas novedades en el blog del Hotel El Palmeral, y mantente informado de nuestras noticias.","robots":{"index":"index","follow":"follow","max-snippet":"max-snippet:-1","max-image-preview":"max-image-preview:large","max-video-preview":"max-video-preview:-1"},"canonical":"https:\/\/hotelpalmeral.com\/fr\/blog\/","og_locale":"fr_FR","og_type":"article","og_title":"Blog","og_description":"Descubre las \u00faltimas novedades en el blog del Hotel El Palmeral, y mantente informado de nuestras noticias.","og_url":"https:\/\/hotelpalmeral.com\/fr\/blog\/","og_site_name":"Hotel El Palmeral","article_publisher":"https:\/\/www.facebook.com\/HotelPalmeralBenidorm","article_modified_time":"2023-10-06T09:03:02+00:00","og_image":[{"width":229,"height":265,"url":"https:\/\/hotelpalmeral.com\/wp-content\/uploads\/2023\/03\/Logo-footer.png","type":"image\/png"}],"twitter_card":"summary_large_image","twitter_title":"Blog","twitter_description":"Descubre las \u00faltimas novedades en el blog del Hotel El Palmeral, y mantente informado de nuestras noticias.","twitter_image":"https:\/\/hotelpalmeral.com\/wp-content\/uploads\/2023\/03\/Logo-footer.png","twitter_site":"@hotelelpalmeral","twitter_misc":{"Dur\u00e9e de lecture estim\u00e9e":"2 minutes"},"schema":{"@context":"https:\/\/schema.org","@graph":[{"@type":"WebPage","@id":"https:\/\/hotelpalmeral.com\/blog\/","url":"https:\/\/hotelpalmeral.com\/blog\/","name":"Blog - Hotel El Palmeral","isPartOf":{"@id":"https:\/\/hotelpalmeral.com\/#website"},"primaryImageOfPage":{"@id":"https:\/\/hotelpalmeral.com\/blog\/#primaryimage"},"image":{"@id":"https:\/\/hotelpalmeral.com\/blog\/#primaryimage"},"thumbnailUrl":"https:\/\/hotelpalmeral.com\/wp-content\/uploads\/2023\/03\/Logo-detalle-habitaciones.png","datePublished":"2023-03-07T08:42:39+00:00","dateModified":"2023-10-06T09:03:02+00:00","description":"Descubre las \u00faltimas novedades en el blog del Hotel El Palmeral, y mantente informado de nuestras noticias.","breadcrumb":{"@id":"https:\/\/hotelpalmeral.com\/blog\/#breadcrumb"},"inLanguage":"fr-FR","potentialAction":[{"@type":"ReadAction","target":["https:\/\/hotelpalmeral.com\/blog\/"]}]},{"@type":"ImageObject","inLanguage":"fr-FR","@id":"https:\/\/hotelpalmeral.com\/blog\/#primaryimage","url":"https:\/\/hotelpalmeral.com\/wp-content\/uploads\/2023\/03\/Logo-detalle-habitaciones.png","contentUrl":"https:\/\/hotelpalmeral.com\/wp-content\/uploads\/2023\/03\/Logo-detalle-habitaciones.png"},{"@type":"BreadcrumbList","@id":"https:\/\/hotelpalmeral.com\/blog\/#breadcrumb","itemListElement":[{"@type":"ListItem","position":1,"name":"Portada","item":"https:\/\/hotelpalmeral.com\/"},{"@type":"ListItem","position":2,"name":"Blog"}]},{"@type":"WebSite","@id":"https:\/\/hotelpalmeral.com\/#website","url":"https:\/\/hotelpalmeral.com\/","name":"Hotel El Palmeral","description":"Hotel en Benidorm","publisher":{"@id":"https:\/\/hotelpalmeral.com\/#organization"},"potentialAction":[{"@type":"SearchAction","target":{"@type":"EntryPoint","urlTemplate":"https:\/\/hotelpalmeral.com\/?s={search_term_string}"},"query-input":{"@type":"PropertyValueSpecification","valueRequired":true,"valueName":"search_term_string"}}],"inLanguage":"fr-FR"},{"@type":"Organization","@id":"https:\/\/hotelpalmeral.com\/#organization","name":"Hotel El Palmeral","url":"https:\/\/hotelpalmeral.com\/","logo":{"@type":"ImageObject","inLanguage":"fr-FR","@id":"https:\/\/hotelpalmeral.com\/#\/schema\/logo\/image\/","url":"https:\/\/hotelpalmeral.com\/wp-content\/uploads\/2023\/03\/Logo-footer.png","contentUrl":"https:\/\/hotelpalmeral.com\/wp-content\/uploads\/2023\/03\/Logo-footer.png","width":229,"height":265,"caption":"Hotel El Palmeral"},"image":{"@id":"https:\/\/hotelpalmeral.com\/#\/schema\/logo\/image\/"},"sameAs":["https:\/\/www.facebook.com\/HotelPalmeralBenidorm","https:\/\/x.com\/hotelelpalmeral","https:\/\/www.instagram.com\/hotelpalmeralbenidorm\/"]}]}},"_links":{"self":[{"href":"https:\/\/hotelpalmeral.com\/fr\/wp-json\/wp\/v2\/pages\/186","targetHints":{"allow":["GET"]}}],"collection":[{"href":"https:\/\/hotelpalmeral.com\/fr\/wp-json\/wp\/v2\/pages"}],"about":[{"href":"https:\/\/hotelpalmeral.com\/fr\/wp-json\/wp\/v2\/types\/page"}],"author":[{"embeddable":true,"href":"https:\/\/hotelpalmeral.com\/fr\/wp-json\/wp\/v2\/users\/1"}],"replies":[{"embeddable":true,"href":"https:\/\/hotelpalmeral.com\/fr\/wp-json\/wp\/v2\/comments?post=186"}],"version-history":[{"count":22,"href":"https:\/\/hotelpalmeral.com\/fr\/wp-json\/wp\/v2\/pages\/186\/revisions"}],"predecessor-version":[{"id":2401,"href":"https:\/\/hotelpalmeral.com\/fr\/wp-json\/wp\/v2\/pages\/186\/revisions\/2401"}],"wp:attachment":[{"href":"https:\/\/hotelpalmeral.com\/fr\/wp-json\/wp\/v2\/media?parent=186"}],"curies":[{"name":"wp","href":"https:\/\/api.w.org\/{rel}","templated":true}]}}