{"id":213,"date":"2023-03-08T16:42:53","date_gmt":"2023-03-08T16:42:53","guid":{"rendered":"http:\/\/hotelpalmeral.com\/?page_id=213"},"modified":"2025-11-04T16:07:15","modified_gmt":"2025-11-04T16:07:15","slug":"mascotas","status":"publish","type":"page","link":"https:\/\/hotelpalmeral.com\/en\/mascotas\/","title":{"rendered":"Pets"},"content":{"rendered":"<p><div class=\"et_d4_element et_pb_section et_pb_section_0 altura_presentacion_sin_menu et_pb_with_background  et_pb_css_mix_blend_mode et_section_regular et_block_section\" >\n\t\t\t\t\n\t\t\t\t\n\t\t\t\t\n\t\t\t\t\n\t\t\t\t\n\t\t\t\t\n\t\t\t\t\n\t\t\t\t\n\t\t\t\t\n\t\t\t<\/div><div class=\"et_d4_element et_pb_section et_pb_section_1  et_pb_css_mix_blend_mode et_section_regular et_block_section\" >\n\t\t\t\t\n\t\t\t\t\n\t\t\t\t\n\t\t\t\t\n\t\t\t\t\n\t\t\t\t\n\t\t\t\t<div class=\"et_d4_element et_pb_row et_pb_row_0 et_pb_gutters1  et_pb_css_mix_blend_mode et_block_row\">\n\t\t\t\t<div class=\"et_d4_element et_pb_column_1_2 et_pb_column et_pb_column_0  et_pb_css_mix_blend_mode et_block_column\">\n\t\t\t\t\n\t\t\t\t\n\t\t\t\t\n\t\t\t\t\n\t\t\t\t<div class=\"et_pb_module et_d4_element et_pb_image et_pb_image_0\">\n\t\t\t\t\n\t\t\t\t\n\t\t\t\t\n\t\t\t\t\n\t\t\t\t<span class=\"et_pb_image_wrap \"><img loading=\"lazy\" decoding=\"async\" width=\"157\" height=\"131\" src=\"https:\/\/hotelpalmeral.com\/wp-content\/uploads\/2023\/03\/01.png\" alt=\"01\" title=\"01\" class=\"wp-image-252\" \/><\/span>\n\t\t\t<\/div><div class=\"et_pb_module et_d4_element et_pb_text et_pb_text_0  et_pb_text_align_left et_pb_bg_layout_light\">\n\t\t\t\t\n\t\t\t\t\n\t\t\t\t\n\t\t\t\t\n\t\t\t\t<div class=\"et_pb_text_inner\"><p>descripci\u00f3n<\/p><\/div>\n\t\t\t<\/div>\n\t\t\t<\/div><div class=\"et_pb_with_border et_pb_column_1_2 et_d4_element et_pb_column et_pb_column_1  et_pb_css_mix_blend_mode et-last-child et_block_column\">\n\t\t\t\t\n\t\t\t\t\n\t\t\t\t\n\t\t\t\t\n\t\t\t\t<div class=\"et_pb_module et_d4_element et_pb_text et_pb_text_1 peso_bold_500  et_pb_text_align_left et_pb_bg_layout_light\">\n\t\t\t\t\n\t\t\t\t\n\t\t\t\t\n\t\t\t\t\n\t\t\t\t<div class=\"et_pb_text_inner\"><h1>NO QUEREMOS QUE<br \/>\nNADIE SE QUEDE EN<br \/>\nCASA EN VACACIONES<\/h1><\/div>\n\t\t\t<\/div>\n\t\t\t<\/div>\n\t\t\t\t\n\t\t\t\t\n\t\t\t\t\n\t\t\t\t\n\t\t\t<\/div><div class=\"et_d4_element et_pb_row et_pb_row_1 et_pb_equal_columns et_pb_gutters2  et_pb_css_mix_blend_mode et_block_row\">\n\t\t\t\t<div class=\"et_d4_element et_pb_column_1_4 et_pb_column et_pb_column_2 cover_imagenes  et_pb_css_mix_blend_mode et_block_column et_pb_column_empty\">\n\t\t\t\t\n\t\t\t\t\n\t\t\t\t\n\t\t\t\t\n\t\t\t\t\n\t\t\t<\/div><div class=\"et_d4_element et_pb_column_1_4 et_pb_column et_pb_column_3  et_pb_css_mix_blend_mode et_block_column\">\n\t\t\t\t\n\t\t\t\t\n\t\t\t\t\n\t\t\t\t\n\t\t\t\t<div class=\"et_pb_module et_d4_element et_pb_text et_pb_text_2 peso_bold_500  et_pb_text_align_left et_pb_bg_layout_light\">\n\t\t\t\t\n\t\t\t\t\n\t\t\t\t\n\t\t\t\t\n\t\t\t\t<div class=\"et_pb_text_inner\"><p>En el Hotel El Palmeral sabemos que tus mascotas son parte de tu familia, por lo que las admitimos en nuestras instalaciones.<\/p>\n<p>Recuerda que para garantizar la comodidad y seguridad de todos nuestros hu\u00e9spedes, existen ciertas normas que debes seguir, como no dejar a tu mascota sola si es ruidosa y no permitir que suba a las camas o muebles de la habitaci\u00f3n.<\/p><\/div>\n\t\t\t<\/div><div class=\"et_pb_button_module_wrapper et_pb_button_0_wrapper et_pb_button_alignment_tablet_center et_pb_module \">\n\t\t\t\t<a class=\"et_pb_button et_d4_element et_pb_button_0 et_pb_bg_layout_light et_block_module\" href=\"#PoliticaMascotas\">VER POL\u00cdTICA DE MASCOTAS<\/a>\n\t\t\t<\/div><div class=\"et_pb_module et_d4_element et_pb_image et_pb_image_1 cover_imagenes\">\n\t\t\t\t\n\t\t\t\t\n\t\t\t\t\n\t\t\t\t\n\t\t\t\t<span class=\"et_pb_image_wrap \"><img loading=\"lazy\" decoding=\"async\" width=\"1920\" height=\"1280\" src=\"https:\/\/hotelpalmeral.com\/wp-content\/uploads\/2023\/05\/hombre-su-perro-playa-admirando-mar.webp\" alt=\"hombre-su-perro-playa-admirando-mar\" title=\"hombre-su-perro-playa-admirando-mar\" srcset=\"https:\/\/hotelpalmeral.com\/wp-content\/uploads\/2023\/05\/hombre-su-perro-playa-admirando-mar.webp 1920w, https:\/\/hotelpalmeral.com\/wp-content\/uploads\/2023\/05\/hombre-su-perro-playa-admirando-mar-1280x853.webp 1280w, https:\/\/hotelpalmeral.com\/wp-content\/uploads\/2023\/05\/hombre-su-perro-playa-admirando-mar-980x653.webp 980w, https:\/\/hotelpalmeral.com\/wp-content\/uploads\/2023\/05\/hombre-su-perro-playa-admirando-mar-480x320.webp 480w\" sizes=\"(min-width: 0px) and (max-width: 480px) 480px, (min-width: 481px) and (max-width: 980px) 980px, (min-width: 981px) and (max-width: 1280px) 1280px, (min-width: 1281px) 1920px, 100vw\" class=\"wp-image-2127\" \/><\/span>\n\t\t\t<\/div>\n\t\t\t<\/div><div class=\"et_d4_element et_pb_column_1_2 et_pb_column et_pb_column_4  et_pb_css_mix_blend_mode et-last-child et_block_column\">\n\t\t\t\t\n\t\t\t\t\n\t\t\t\t\n\t\t\t\t\n\t\t\t\t<div class=\"et_pb_module et_d4_element et_pb_image et_pb_image_2 cover_imagenes\">\n\t\t\t\t\n\t\t\t\t\n\t\t\t\t\n\t\t\t\t\n\t\t\t\t<span class=\"et_pb_image_wrap \"><img loading=\"lazy\" decoding=\"async\" width=\"1920\" height=\"1280\" src=\"https:\/\/hotelpalmeral.com\/wp-content\/uploads\/2023\/03\/MicrosoftTeams-image.jpg\" alt=\"Foto de un perro y una mujer en la ciudad\" title=\"Foto de un perro y una mujer en la ciudad\" class=\"wp-image-778\" \/><\/span>\n\t\t\t<\/div><div class=\"et_pb_module et_d4_element et_pb_text et_pb_text_3 peso_bold_500  et_pb_text_align_left et_pb_bg_layout_light\">\n\t\t\t\t\n\t\t\t\t\n\t\t\t\t\n\t\t\t\t\n\t\t\t\t<div class=\"et_pb_text_inner\"><p>Algunas de las normas b\u00e1sicas de convivencia son las siguientes:<\/p>\n<ul>\n<li>Para salir y entrar del hotel llevar a la mascota siempre con correa.<\/li>\n<li>Si el animal tiene costumbre de subir a la cama o sillas, proteger el mobiliario con una s\u00e1bana de su propiedad.<\/li>\n<li>Tener niveles de higiene aceptables, adem\u00e1s de las certificaciones sanitarias y vacunas actualizadas.<\/li>\n<\/ul><\/div>\n\t\t\t<\/div>\n\t\t\t<\/div>\n\t\t\t\t\n\t\t\t\t\n\t\t\t\t\n\t\t\t\t\n\t\t\t<\/div>\n\t\t\t\t\n\t\t\t\t\n\t\t\t<\/div><div id=\"PoliticaMascotas\" class=\"et_d4_element et_pb_section et_pb_section_2 popup  et_pb_css_mix_blend_mode et_section_regular et_block_section\" >\n\t\t\t\t\n\t\t\t\t\n\t\t\t\t\n\t\t\t\t\n\t\t\t\t\n\t\t\t\t\n\t\t\t\t<div class=\"et_d4_element et_pb_row et_pb_row_2  et_pb_css_mix_blend_mode et_block_row\">\n\t\t\t\t<div class=\"et_d4_element et_pb_column_4_4 et_pb_column et_pb_column_5  et_pb_css_mix_blend_mode et-last-child et_block_column\">\n\t\t\t\t\n\t\t\t\t\n\t\t\t\t\n\t\t\t\t\n\t\t\t\t<div class=\"et_pb_module et_d4_element et_pb_text et_pb_text_4  et_pb_text_align_left et_pb_bg_layout_light\">\n\t\t\t\t\n\t\t\t\t\n\t\t\t\t\n\t\t\t\t\n\t\t\t\t<div class=\"et_pb_text_inner\"><h2>POLITICA DE MASCOTAS<\/h2>\n<p>Estimados clientes,<\/p>\n<p>En Hotel El Palmeral estamos encantados de recibirles con su mascota ya que entendemos que es un miembro m\u00e1s de la familia y esperamos que tanto ustedes como sus mascotas disfruten de sus vacaciones con nosotros.<\/p>\n<p>Para mantener la buena convivencia con el resto de hu\u00e9spedes, solicitamos a los due\u00f1os de las mascotas que sigan estas normas:<\/p>\n<p>El alojamiento de su mascota tendr\u00e1 un suplemento en la habitaci\u00f3n de 9.00\u20ac \/noche por mascota (IVA incluido) con un l\u00edmite de 2 mascotas por habitaci\u00f3n.<\/p>\n<p>Se considerar\u00e1n mascotas para el alojamiento en el hotel: perros y\/o gatos. No se garantiza la admisi\u00f3n de otros tipos de mascotas. Para el alojamiento de otros tipos de mascotas es requisito indispensable ponerse en contacto con el hotel antes de la entrada. Se aceptar\u00e1 o denegar\u00e1 la reserva de manera individualizada.<\/p>\n<p>Para la estancia de la mascota en el hotel, es requisito indispensable que su due\u00f1o confirme que cuenta con un seguro de responsabilidad civil en vigor y la cartilla de vacunaciones actualizada conforme a la ley. Tambi\u00e9n es requisito indispensable que la higiene de la mascota mantenga unos niveles aceptables en todo momento.<\/p>\n<p>En el caso de que a su llegada al hotel se incumpliera cualquiera de las condiciones que establece esta pol\u00edtica, y se tuviera que cancelar la estancia por no poder alojar a la mascota, esta circunstancia no eximir\u00eda al due\u00f1o de la mascota de los correspondientes gastos de cancelaci\u00f3n incurridos de acuerdo a la pol\u00edtica de cancelaciones de su reserva.<\/p>\n<p>Es norma indispensable para la buena convivencia durante su estancia que la mascota no ladre, gima y\/o ma\u00falle. En caso de queja por cualquiera de estas causas o comportamientos que supongan una alteraci\u00f3n del orden y la tranquilidad del Hotel, el due\u00f1o tendr\u00e1 que abandonar el hotel y no se reembolsar\u00e1n las noches o servicios restantes de la estancia.<\/p>\n<p>Para disfrutar de las instalaciones del hotel es obligatorio llevar a su mascota siempre con correa (y bozal en caso de ser preciso) o en un trasport\u00edn homologado. Est\u00e1 terminantemente prohibido que las mascotas est\u00e9n sueltas en las zonas comunes (tanto interiores como exteriores).<\/p>\n<p>No se permite acceder con la mascota a las zonas de restaurante, comedor, bar, piscina ni gimnasio. No se puede utilizar la ropa de la habitaci\u00f3n (toallas y\/o ropa de cama) para el uso de la mascota. No permita que el animal suba a las camas, sillas, etc. Y si es costumbre, pedimos que proteja nuestro mobiliario con una s\u00e1bana de su propiedad.<\/p>\n<p>En todo momento el cliente se hace responsable de su mascota y del comportamiento que tenga. Cualquier da\u00f1o ocasionado por la mascota a terceros, al mobiliario, equipamiento e instalaciones; es responsabilidad de su due\u00f1o, teni\u00e9ndose que hacer cargo de las correspondientes indemnizaciones, compensaciones o gastos originados por las reparaciones incluyendo limpieza fuera de los procesos habituales del Hotel.<\/p>\n<p>Recuerde que no se limpiar\u00e1 la habitaci\u00f3n mientras permanezca su mascota en el interior. Cuando el animal no se encuentre en la habitaci\u00f3n, rogamos avise al personal del hotel dentro del horario que es de 10:00 a 13:30. En caso de no recibir ning\u00fan aviso por parte del due\u00f1o de la mascota, no se realizar\u00e1 el servicio de limpieza de la habitaci\u00f3n. Si no desean que nuestro personal acceda a la habitaci\u00f3n, rogamos hagan uso del cartel de \u201cno molestar\u201d que tienen disponible en la habitaci\u00f3n. Sin embargo, tengan en cuenta que en caso de suceder una incidencia, el Hotel se reserva el derecho a facilitar la entrada al personal necesario para resolverla independientemente de la presencia de dicho cartel.<\/p>\n<p>Todo propietario de una mascota deber\u00e1 dejar un n\u00famero de tel\u00e9fono m\u00f3vil y estar disponible para poder localizarlo en su ausencia por si el animal causa molestias a los dem\u00e1s clientes del hotel o surge cualquier problema con la mascota.<\/p>\n<p>El Hotel se reserva el derecho de no admitir mascotas que generen molestias al resto de clientes o tengan un comportamiento inadecuado durante la estancia.<\/p>\n<p>S\u00f3lo los animales de asistencia o pertenecientes a los cuerpos de seguridad tendr\u00e1n libre acceso a las instalaciones del hotel siempre y cuando dicho acceso se enmarque en el desempe\u00f1o de sus funciones y cumpla las siguientes condiciones: deben estar visiblemente identificados, no deben suponer un peligro para el resto de personas, deben mantener una correcta higiene y no deben mostrar ning\u00fan s\u00edntoma de enfermedad.<\/p>\n<p>En caso de necesitarlo, de lunes a viernes disponen de la Cl\u00ednica Veterinaria La Cala en Av. Villajoyosa, n\u00ba 32 (muy cerca del Hotel) y su tel\u00e9fono de contacto es el 965 85 00 58. En caso de urgencias, la Cl\u00ednica Veterinaria del Mediterr\u00e1neo cuenta con atenci\u00f3n 24h y servicio de visita veterinaria a domicilio. Su direcci\u00f3n es Av. del Mediterr\u00e1neo, 25 y su tel\u00e9fono el 965 86 80 09.<\/p>\n<p>&nbsp;<\/p>\n<p>Atentamente,<\/p>\n<p>&nbsp;<\/p>\n<p>Hotel El Palmeral<\/p><\/div>\n\t\t\t<\/div><div class=\"et_pb_button_module_wrapper et_pb_button_1_wrapper et_pb_button_alignment_tablet_center et_pb_button_alignment_phone_center et_pb_module \">\n\t\t\t\t<a class=\"et_pb_button et_d4_element et_pb_button_1 boton_cerrar_politica_mascotas et_pb_bg_layout_light et_block_module\" href=\"#close\">CERRAR<\/a>\n\t\t\t<\/div>\n\t\t\t<\/div>\n\t\t\t\t\n\t\t\t\t\n\t\t\t\t\n\t\t\t\t\n\t\t\t<\/div>\n\t\t\t\t\n\t\t\t\t\n\t\t\t<\/div><div class=\"et_d4_element et_pb_section et_pb_section_3  et_pb_css_mix_blend_mode et_section_regular et_block_section\" >\n\t\t\t\t\n\t\t\t\t\n\t\t\t\t\n\t\t\t\t\n\t\t\t\t\n\t\t\t\t\n\t\t\t\t<div class=\"et_d4_element et_pb_row et_pb_row_3 et_pb_equal_columns et_pb_gutters1  et_pb_css_mix_blend_mode et_block_row\">\n\t\t\t\t<div class=\"et_d4_element et_pb_column_3_4 et_pb_column et_pb_column_6  et_pb_css_mix_blend_mode et_block_column\">\n\t\t\t\t\n\t\t\t\t\n\t\t\t\t\n\t\t\t\t\n\t\t\t\t<div class=\"et_pb_module et_d4_element et_pb_code et_pb_code_0 modulo_motor\">\n\t\t\t\t\n\t\t\t\t\n\t\t\t\t\n\t\t\t\t\n\t\t\t\t<div class=\"et_pb_code_inner\"><div class=\"contenedor_motor\">\n  <img decoding=\"async\" src=\"https:\/\/hotelpalmeral.com\/wp-content\/uploads\/2023\/03\/Logo-detalle-habitaciones.png\">\n  <!--\n  [motorsoftme_mostrar_motor]\n-->\n<\/div>\n\n<style>\n  .contenedor_motor {\n    display: flex;\n    align-items: center;\n    background-color: #F1EFE3;\n    padding: 20px 50px;\n  }\n  \n  @media (max-width: 980px) {\n    .contenedor_motor {\n      flex-direction: column;\n      padding: 30% 0;\n      padding-bottom: 15%;\n    }\n    \n    .contenedor_motor #contenedor_softme {\n      height: 200px !important;\n    }\n    \n    .contenedor_motor #contenedor_softme label {\n      width: 100%;\n    }\n    \n    .contenedor_motor #contenedor_softme .fechas-softme, #contenedor_softme .partedos {\n      height: auto;\n      width: 100%;\n      flex-direction: column;\n    }\n    \n    .contenedor_motor #contenedor_softme .fechas-softme label::after {\n      bottom: auto;\n    }\n    \n    .contenedor_motor .partedos #div-CodigoPromocional {\n      margin-bottom: 5%;\n    }\n    \n    .contenedor_motor .container_fechas .date-picker-wrapper.inline-wrapper {\n      \/* padding-top del contenedor + altura de la imagen *\/\n      top: calc(30% + 146px);\n      width: 100%;\n    }\n  }\n<\/style>\n<\/div>\n\t\t\t<\/div><div class=\"et_pb_module et_d4_element et_pb_text et_pb_text_5 peso_bold_400  et_pb_text_align_left et_pb_text_align_center-tablet et_pb_bg_layout_light\">\n\t\t\t\t\n\t\t\t\t\n\t\t\t\t\n\t\t\t\t\n\t\t\t\t<div class=\"et_pb_text_inner\"><p>RESERVA CON NOSOTROS. <strong>MEJOR PRECIO<\/strong> GARANTIZADO<\/p>\n<\/div>\n\t\t\t<\/div>\n\t\t\t<\/div><div class=\"et_pb_with_border et_pb_column_1_4 et_d4_element et_pb_column et_pb_column_7  et_pb_css_mix_blend_mode et-last-child et_block_column\">\n\t\t\t\t\n\t\t\t\t\n\t\t\t\t\n\t\t\t\t\n\t\t\t\t<div class=\"et_pb_module et_d4_element et_pb_image et_pb_image_3\">\n\t\t\t\t\n\t\t\t\t\n\t\t\t\t\n\t\t\t\t\n\t\t\t\t<span class=\"et_pb_image_wrap \"><img loading=\"lazy\" decoding=\"async\" width=\"164\" height=\"129\" src=\"https:\/\/hotelpalmeral.com\/wp-content\/uploads\/2023\/03\/02.png\" alt=\"02\" title=\"02\" class=\"wp-image-251\" \/><\/span>\n\t\t\t<\/div><div class=\"et_pb_module et_d4_element et_pb_text et_pb_text_6  et_pb_text_align_right et_pb_bg_layout_light\">\n\t\t\t\t\n\t\t\t\t\n\t\t\t\t\n\t\t\t\t\n\t\t\t\t<div class=\"et_pb_text_inner\"><p>reserva<\/p><\/div>\n\t\t\t<\/div>\n\t\t\t<\/div>\n\t\t\t\t\n\t\t\t\t\n\t\t\t\t\n\t\t\t\t\n\t\t\t<\/div>\n\t\t\t\t\n\t\t\t\t\n\t\t\t<\/div><\/p>\n","protected":false},"excerpt":{"rendered":"","protected":false},"author":1,"featured_media":0,"parent":0,"menu_order":9,"comment_status":"closed","ping_status":"closed","template":"","meta":{"inline_featured_image":false,"_et_pb_use_builder":"on","_et_pb_old_content":"","_et_gb_content_width":"","footnotes":""},"class_list":["post-213","page","type-page","status-publish","hentry"],"yoast_head":"<!-- This site is optimized with the Yoast SEO plugin v27.4 - https:\/\/yoast.com\/product\/yoast-seo-wordpress\/ -->\r\n<title>Mascotas - Hotel El Palmeral<\/title>\r\n<meta name=\"description\" content=\"Tr\u00e1ete a tus mascotas al hotel El Palmeral, un oasis en la playa. Inf\u00f3rmate en nuestra secci\u00f3n de mascotas sobre todo lo que necesites.\" \/>\r\n<meta name=\"robots\" content=\"index, follow, max-snippet:-1, max-image-preview:large, max-video-preview:-1\" \/>\r\n<link rel=\"canonical\" href=\"https:\/\/hotelpalmeral.com\/en\/mascotas\/\" \/>\r\n<meta property=\"og:locale\" content=\"en_GB\" \/>\r\n<meta property=\"og:type\" content=\"article\" \/>\r\n<meta property=\"og:title\" content=\"Mascotas\" \/>\r\n<meta property=\"og:description\" content=\"Tr\u00e1ete a tus mascotas al hotel El Palmeral, un oasis en la playa. Inf\u00f3rmate en nuestra secci\u00f3n de mascotas sobre todo lo que necesites.\" \/>\r\n<meta property=\"og:url\" content=\"https:\/\/hotelpalmeral.com\/en\/mascotas\/\" \/>\r\n<meta property=\"og:site_name\" content=\"Hotel El Palmeral\" \/>\r\n<meta property=\"article:publisher\" content=\"https:\/\/www.facebook.com\/HotelPalmeralBenidorm\" \/>\r\n<meta property=\"article:modified_time\" content=\"2025-11-04T16:07:15+00:00\" \/>\r\n<meta property=\"og:image\" content=\"https:\/\/hotelpalmeral.com\/wp-content\/uploads\/2023\/03\/Logo-footer.png\" \/>\r\n\t<meta property=\"og:image:width\" content=\"229\" \/>\r\n\t<meta property=\"og:image:height\" content=\"265\" \/>\r\n\t<meta property=\"og:image:type\" content=\"image\/png\" \/>\r\n<meta name=\"twitter:card\" content=\"summary_large_image\" \/>\r\n<meta name=\"twitter:title\" content=\"Mascotas\" \/>\r\n<meta name=\"twitter:description\" content=\"Tr\u00e1ete a tus mascotas al hotel El Palmeral, un oasis en la playa. Inf\u00f3rmate en nuestra secci\u00f3n de mascotas sobre todo lo que necesites.\" \/>\r\n<meta name=\"twitter:image\" content=\"https:\/\/hotelpalmeral.com\/wp-content\/uploads\/2023\/03\/Logo-footer.png\" \/>\r\n<meta name=\"twitter:site\" content=\"@hotelelpalmeral\" \/>\r\n<meta name=\"twitter:label1\" content=\"Estimated reading time\" \/>\n\t<meta name=\"twitter:data1\" content=\"5 minutes\" \/>\r\n<script type=\"application\/ld+json\" class=\"yoast-schema-graph\">{\"@context\":\"https:\\\/\\\/schema.org\",\"@graph\":[{\"@type\":\"WebPage\",\"@id\":\"https:\\\/\\\/hotelpalmeral.com\\\/mascotas\\\/\",\"url\":\"https:\\\/\\\/hotelpalmeral.com\\\/mascotas\\\/\",\"name\":\"Mascotas - Hotel El Palmeral\",\"isPartOf\":{\"@id\":\"https:\\\/\\\/hotelpalmeral.com\\\/#website\"},\"primaryImageOfPage\":{\"@id\":\"https:\\\/\\\/hotelpalmeral.com\\\/mascotas\\\/#primaryimage\"},\"image\":{\"@id\":\"https:\\\/\\\/hotelpalmeral.com\\\/mascotas\\\/#primaryimage\"},\"thumbnailUrl\":\"https:\\\/\\\/hotelpalmeral.com\\\/wp-content\\\/uploads\\\/2023\\\/03\\\/Logo-detalle-habitaciones.png\",\"datePublished\":\"2023-03-08T16:42:53+00:00\",\"dateModified\":\"2025-11-04T16:07:15+00:00\",\"description\":\"Tr\u00e1ete a tus mascotas al hotel El Palmeral, un oasis en la playa. Inf\u00f3rmate en nuestra secci\u00f3n de mascotas sobre todo lo que necesites.\",\"breadcrumb\":{\"@id\":\"https:\\\/\\\/hotelpalmeral.com\\\/mascotas\\\/#breadcrumb\"},\"inLanguage\":\"en-GB\",\"potentialAction\":[{\"@type\":\"ReadAction\",\"target\":[\"https:\\\/\\\/hotelpalmeral.com\\\/mascotas\\\/\"]}]},{\"@type\":\"ImageObject\",\"inLanguage\":\"en-GB\",\"@id\":\"https:\\\/\\\/hotelpalmeral.com\\\/mascotas\\\/#primaryimage\",\"url\":\"https:\\\/\\\/hotelpalmeral.com\\\/wp-content\\\/uploads\\\/2023\\\/03\\\/Logo-detalle-habitaciones.png\",\"contentUrl\":\"https:\\\/\\\/hotelpalmeral.com\\\/wp-content\\\/uploads\\\/2023\\\/03\\\/Logo-detalle-habitaciones.png\"},{\"@type\":\"BreadcrumbList\",\"@id\":\"https:\\\/\\\/hotelpalmeral.com\\\/mascotas\\\/#breadcrumb\",\"itemListElement\":[{\"@type\":\"ListItem\",\"position\":1,\"name\":\"Portada\",\"item\":\"https:\\\/\\\/hotelpalmeral.com\\\/\"},{\"@type\":\"ListItem\",\"position\":2,\"name\":\"Mascotas\"}]},{\"@type\":\"WebSite\",\"@id\":\"https:\\\/\\\/hotelpalmeral.com\\\/#website\",\"url\":\"https:\\\/\\\/hotelpalmeral.com\\\/\",\"name\":\"Hotel El Palmeral\",\"description\":\"Hotel en Benidorm\",\"publisher\":{\"@id\":\"https:\\\/\\\/hotelpalmeral.com\\\/#organization\"},\"potentialAction\":[{\"@type\":\"SearchAction\",\"target\":{\"@type\":\"EntryPoint\",\"urlTemplate\":\"https:\\\/\\\/hotelpalmeral.com\\\/?s={search_term_string}\"},\"query-input\":{\"@type\":\"PropertyValueSpecification\",\"valueRequired\":true,\"valueName\":\"search_term_string\"}}],\"inLanguage\":\"en-GB\"},{\"@type\":\"Organization\",\"@id\":\"https:\\\/\\\/hotelpalmeral.com\\\/#organization\",\"name\":\"Hotel El Palmeral\",\"url\":\"https:\\\/\\\/hotelpalmeral.com\\\/\",\"logo\":{\"@type\":\"ImageObject\",\"inLanguage\":\"en-GB\",\"@id\":\"https:\\\/\\\/hotelpalmeral.com\\\/#\\\/schema\\\/logo\\\/image\\\/\",\"url\":\"https:\\\/\\\/hotelpalmeral.com\\\/wp-content\\\/uploads\\\/2023\\\/03\\\/Logo-footer.png\",\"contentUrl\":\"https:\\\/\\\/hotelpalmeral.com\\\/wp-content\\\/uploads\\\/2023\\\/03\\\/Logo-footer.png\",\"width\":229,\"height\":265,\"caption\":\"Hotel El Palmeral\"},\"image\":{\"@id\":\"https:\\\/\\\/hotelpalmeral.com\\\/#\\\/schema\\\/logo\\\/image\\\/\"},\"sameAs\":[\"https:\\\/\\\/www.facebook.com\\\/HotelPalmeralBenidorm\",\"https:\\\/\\\/x.com\\\/hotelelpalmeral\",\"https:\\\/\\\/www.instagram.com\\\/hotelpalmeralbenidorm\\\/\"]}]}<\/script>\r\n<!-- \/ Yoast SEO plugin. -->","yoast_head_json":{"title":"Mascotas - Hotel El Palmeral","description":"Tr\u00e1ete a tus mascotas al hotel El Palmeral, un oasis en la playa. Inf\u00f3rmate en nuestra secci\u00f3n de mascotas sobre todo lo que necesites.","robots":{"index":"index","follow":"follow","max-snippet":"max-snippet:-1","max-image-preview":"max-image-preview:large","max-video-preview":"max-video-preview:-1"},"canonical":"https:\/\/hotelpalmeral.com\/en\/mascotas\/","og_locale":"en_GB","og_type":"article","og_title":"Mascotas","og_description":"Tr\u00e1ete a tus mascotas al hotel El Palmeral, un oasis en la playa. Inf\u00f3rmate en nuestra secci\u00f3n de mascotas sobre todo lo que necesites.","og_url":"https:\/\/hotelpalmeral.com\/en\/mascotas\/","og_site_name":"Hotel El Palmeral","article_publisher":"https:\/\/www.facebook.com\/HotelPalmeralBenidorm","article_modified_time":"2025-11-04T16:07:15+00:00","og_image":[{"width":229,"height":265,"url":"https:\/\/hotelpalmeral.com\/wp-content\/uploads\/2023\/03\/Logo-footer.png","type":"image\/png"}],"twitter_card":"summary_large_image","twitter_title":"Mascotas","twitter_description":"Tr\u00e1ete a tus mascotas al hotel El Palmeral, un oasis en la playa. Inf\u00f3rmate en nuestra secci\u00f3n de mascotas sobre todo lo que necesites.","twitter_image":"https:\/\/hotelpalmeral.com\/wp-content\/uploads\/2023\/03\/Logo-footer.png","twitter_site":"@hotelelpalmeral","twitter_misc":{"Estimated reading time":"5 minutes"},"schema":{"@context":"https:\/\/schema.org","@graph":[{"@type":"WebPage","@id":"https:\/\/hotelpalmeral.com\/mascotas\/","url":"https:\/\/hotelpalmeral.com\/mascotas\/","name":"Mascotas - Hotel El Palmeral","isPartOf":{"@id":"https:\/\/hotelpalmeral.com\/#website"},"primaryImageOfPage":{"@id":"https:\/\/hotelpalmeral.com\/mascotas\/#primaryimage"},"image":{"@id":"https:\/\/hotelpalmeral.com\/mascotas\/#primaryimage"},"thumbnailUrl":"https:\/\/hotelpalmeral.com\/wp-content\/uploads\/2023\/03\/Logo-detalle-habitaciones.png","datePublished":"2023-03-08T16:42:53+00:00","dateModified":"2025-11-04T16:07:15+00:00","description":"Tr\u00e1ete a tus mascotas al hotel El Palmeral, un oasis en la playa. Inf\u00f3rmate en nuestra secci\u00f3n de mascotas sobre todo lo que necesites.","breadcrumb":{"@id":"https:\/\/hotelpalmeral.com\/mascotas\/#breadcrumb"},"inLanguage":"en-GB","potentialAction":[{"@type":"ReadAction","target":["https:\/\/hotelpalmeral.com\/mascotas\/"]}]},{"@type":"ImageObject","inLanguage":"en-GB","@id":"https:\/\/hotelpalmeral.com\/mascotas\/#primaryimage","url":"https:\/\/hotelpalmeral.com\/wp-content\/uploads\/2023\/03\/Logo-detalle-habitaciones.png","contentUrl":"https:\/\/hotelpalmeral.com\/wp-content\/uploads\/2023\/03\/Logo-detalle-habitaciones.png"},{"@type":"BreadcrumbList","@id":"https:\/\/hotelpalmeral.com\/mascotas\/#breadcrumb","itemListElement":[{"@type":"ListItem","position":1,"name":"Portada","item":"https:\/\/hotelpalmeral.com\/"},{"@type":"ListItem","position":2,"name":"Mascotas"}]},{"@type":"WebSite","@id":"https:\/\/hotelpalmeral.com\/#website","url":"https:\/\/hotelpalmeral.com\/","name":"Hotel El Palmeral","description":"Hotel en Benidorm","publisher":{"@id":"https:\/\/hotelpalmeral.com\/#organization"},"potentialAction":[{"@type":"SearchAction","target":{"@type":"EntryPoint","urlTemplate":"https:\/\/hotelpalmeral.com\/?s={search_term_string}"},"query-input":{"@type":"PropertyValueSpecification","valueRequired":true,"valueName":"search_term_string"}}],"inLanguage":"en-GB"},{"@type":"Organization","@id":"https:\/\/hotelpalmeral.com\/#organization","name":"Hotel El Palmeral","url":"https:\/\/hotelpalmeral.com\/","logo":{"@type":"ImageObject","inLanguage":"en-GB","@id":"https:\/\/hotelpalmeral.com\/#\/schema\/logo\/image\/","url":"https:\/\/hotelpalmeral.com\/wp-content\/uploads\/2023\/03\/Logo-footer.png","contentUrl":"https:\/\/hotelpalmeral.com\/wp-content\/uploads\/2023\/03\/Logo-footer.png","width":229,"height":265,"caption":"Hotel El Palmeral"},"image":{"@id":"https:\/\/hotelpalmeral.com\/#\/schema\/logo\/image\/"},"sameAs":["https:\/\/www.facebook.com\/HotelPalmeralBenidorm","https:\/\/x.com\/hotelelpalmeral","https:\/\/www.instagram.com\/hotelpalmeralbenidorm\/"]}]}},"_links":{"self":[{"href":"https:\/\/hotelpalmeral.com\/en\/wp-json\/wp\/v2\/pages\/213","targetHints":{"allow":["GET"]}}],"collection":[{"href":"https:\/\/hotelpalmeral.com\/en\/wp-json\/wp\/v2\/pages"}],"about":[{"href":"https:\/\/hotelpalmeral.com\/en\/wp-json\/wp\/v2\/types\/page"}],"author":[{"embeddable":true,"href":"https:\/\/hotelpalmeral.com\/en\/wp-json\/wp\/v2\/users\/1"}],"replies":[{"embeddable":true,"href":"https:\/\/hotelpalmeral.com\/en\/wp-json\/wp\/v2\/comments?post=213"}],"version-history":[{"count":31,"href":"https:\/\/hotelpalmeral.com\/en\/wp-json\/wp\/v2\/pages\/213\/revisions"}],"predecessor-version":[{"id":2620,"href":"https:\/\/hotelpalmeral.com\/en\/wp-json\/wp\/v2\/pages\/213\/revisions\/2620"}],"wp:attachment":[{"href":"https:\/\/hotelpalmeral.com\/en\/wp-json\/wp\/v2\/media?parent=213"}],"curies":[{"name":"wp","href":"https:\/\/api.w.org\/{rel}","templated":true}]}}